{"id":1656,"date":"2018-12-22T22:26:11","date_gmt":"2018-12-22T22:26:11","guid":{"rendered":"https:\/\/traccsparti.eu\/?page_id=1656"},"modified":"2024-03-11T12:53:48","modified_gmt":"2024-03-11T11:53:48","slug":"extrudalt-termekek","status":"publish","type":"page","link":"http:\/\/traccsparti.eu\/en\/extrudalt-termekek\/","title":{"rendered":"Extruded products"},"content":{"rendered":"<p>[et_pb_section fb_built=&#8221;1&#8243; fullwidth=&#8221;on&#8221; admin_label=&#8221;Header Section&#8221; _builder_version=&#8221;4.14.1&#8243; background_enable_color=&#8221;off&#8221; custom_padding=&#8221;|||&#8221; locked=&#8221;off&#8221; global_colors_info=&#8221;{}&#8221;][et_pb_fullwidth_header title=&#8221;Extrud\u00e1lt term\u00e9kcsal\u00e1d&#8221; subhead=&#8221;Hazai termeszt\u00e9s\u0171 kukorica leg\u00e9rt\u00e9kesebb r\u00e9sz\u00e9b\u0151l extrud\u00e1ci\u00f3s (puffaszt\u00e1sos) elj\u00e1r\u00e1ssal k\u00e9sz\u00fclt \u00e9rt\u00e9kes gabona snack term\u00e9kek.&#8221; text_orientation=&#8221;center&#8221; header_scroll_down=&#8221;on&#8221; scroll_down_icon=&#8221;%%1%%&#8221; scroll_down_icon_color=&#8221;#ffffff&#8221; background_overlay_color=&#8221;rgba(0,0,0,0.4)&#8221; content_max_width_last_edited=&#8221;off|desktop&#8221; admin_label=&#8221;Contents&#8221; _builder_version=&#8221;4.14.1&#8243; title_level=&#8221;h6&#8243; title_font=&#8221;PT Sans|700|||||||&#8221; title_text_align=&#8221;center&#8221; title_font_size=&#8221;70px&#8221; title_letter_spacing=&#8221;0.05em&#8221; title_line_height=&#8221;1.5em&#8221; subhead_font=&#8221;Nunito|600|||||||&#8221; subhead_font_size=&#8221;20px&#8221; subhead_line_height=&#8221;1.9em&#8221; background_enable_color=&#8221;off&#8221; background_image=&#8221;https:\/\/traccsparti.eu\/wp-content\/uploads\/2019\/01\/vegyes.jpg&#8221; parallax=&#8221;on&#8221; parallax_method=&#8221;on&#8221; custom_button_one=&#8221;on&#8221; button_one_text_size=&#8221;15px&#8221; button_one_bg_color=&#8221;#dca57d&#8221; button_one_border_width=&#8221;10px&#8221; button_one_border_color=&#8221;#dca57d&#8221; button_one_border_radius=&#8221;0px&#8221; button_one_letter_spacing=&#8221;3px&#8221; button_one_font=&#8221;Oswald|||on|&#8221; button_one_use_icon=&#8221;off&#8221; custom_margin=&#8221;|||&#8221; custom_padding=&#8221;5%||5%|&#8221; animation_style=&#8221;fade&#8221; animation_starting_opacity=&#8221;50%&#8221; animation_speed_curve=&#8221;ease-in&#8221; title_font_size_tablet=&#8221;60px&#8221; title_font_size_phone=&#8221;40px&#8221; title_font_size_last_edited=&#8221;on|phone&#8221; button_one_border_color_hover=&#8221;#c99872&#8243; button_one_border_radius_hover=&#8221;0px&#8221; button_one_letter_spacing_hover=&#8221;3px&#8221; button_one_bg_color_hover=&#8221;#c99872&#8243; global_colors_info=&#8221;{}&#8221; button_one_text_size__hover_enabled=&#8221;off&#8221; button_two_text_size__hover_enabled=&#8221;off&#8221; button_one_text_color__hover_enabled=&#8221;off&#8221; button_two_text_color__hover_enabled=&#8221;off&#8221; button_one_border_width__hover_enabled=&#8221;off&#8221; button_two_border_width__hover_enabled=&#8221;off&#8221; button_one_border_color__hover_enabled=&#8221;on&#8221; button_one_border_color__hover=&#8221;#c99872&#8243; button_two_border_color__hover_enabled=&#8221;off&#8221; button_one_border_radius__hover_enabled=&#8221;on&#8221; button_one_border_radius__hover=&#8221;0px&#8221; button_two_border_radius__hover_enabled=&#8221;off&#8221; button_one_letter_spacing__hover_enabled=&#8221;on&#8221; button_one_letter_spacing__hover=&#8221;3px&#8221; button_two_letter_spacing__hover_enabled=&#8221;off&#8221; button_one_bg_color__hover_enabled=&#8221;on&#8221; button_one_bg_color__hover=&#8221;#c99872&#8243; button_two_bg_color__hover_enabled=&#8221;off&#8221;][\/et_pb_fullwidth_header][\/et_pb_section][et_pb_section fb_built=&#8221;1&#8243; _builder_version=&#8221;4.14.1&#8243; _module_preset=&#8221;default&#8221; global_colors_info=&#8221;{}&#8221;][et_pb_row column_structure=&#8221;2_5,3_5&#8243; _builder_version=&#8221;4.14.1&#8243; _module_preset=&#8221;default&#8221; global_colors_info=&#8221;{}&#8221;][et_pb_column type=&#8221;2_5&#8243; _builder_version=&#8221;4.14.1&#8243; _module_preset=&#8221;default&#8221; global_colors_info=&#8221;{}&#8221;][et_pb_text _builder_version=&#8221;4.14.1&#8243; _module_preset=&#8221;default&#8221; text_font=&#8221;PT Sans||||||||&#8221; text_text_color=&#8221;#5E3517&#8243; text_font_size=&#8221;30px&#8221; global_colors_info=&#8221;{}&#8221;]<\/p>\n<h2>Gy\u00fcm\u00f6lcs\u00edz\u0171 kukoricapehely<\/h2>\n<p>[\/et_pb_text][\/et_pb_column][et_pb_column type=&#8221;3_5&#8243; _builder_version=&#8221;4.14.1&#8243; _module_preset=&#8221;default&#8221; global_colors_info=&#8221;{}&#8221;][\/et_pb_column][\/et_pb_row][et_pb_row column_structure=&#8221;2_5,3_5&#8243; _builder_version=&#8221;4.14.1&#8243; _module_preset=&#8221;default&#8221; global_colors_info=&#8221;{}&#8221;][et_pb_column type=&#8221;2_5&#8243; _builder_version=&#8221;4.14.1&#8243; _module_preset=&#8221;default&#8221; global_colors_info=&#8221;{}&#8221;][et_pb_image src=&#8221;https:\/\/traccsparti.eu\/wp-content\/uploads\/2019\/01\/Gy\u00f6m\u00f6lcs\u00edz\u0171-kukoricapehely-99&#215;300.png&#8221; title_text=&#8221;Gy\u00f6m\u00f6lcs\u00edz\u0171 kukoricapehely&#8221; _builder_version=&#8221;4.14.1&#8243; _module_preset=&#8221;default&#8221; global_colors_info=&#8221;{}&#8221;][\/et_pb_image][\/et_pb_column][et_pb_column type=&#8221;3_5&#8243; _builder_version=&#8221;4.14.1&#8243; _module_preset=&#8221;default&#8221; global_colors_info=&#8221;{}&#8221;][et_pb_tabs _builder_version=&#8221;4.14.1&#8243; _module_preset=&#8221;default&#8221; global_colors_info=&#8221;{}&#8221;][et_pb_tab title=&#8221;Term\u00e9k inform\u00e1ci\u00f3k&#8221; _builder_version=&#8221;4.14.1&#8243; _module_preset=&#8221;default&#8221; global_colors_info=&#8221;{}&#8221;]<\/p>\n<h5>Extrud\u00e1lt kukoricapehely goly\u00f3k, cukros, sz\u00ednes bevonattal.<\/h5>\n<h5><strong><em>\u00d6sszetev\u0151k:<\/em><\/strong> Kukoricagr\u00edz, cukor, kem\u00e9ny\u00edt\u0151, sz\u00f6rp, term\u00e9szetazonos arom\u00e1k, sz\u00ednez\u00e9kek: E104, E110, E132, E124.<\/h5>\n<h5><strong><em>Allerg\u00e9nek:\u00a0<\/em><\/strong>Nem tartalmaz allerg\u00e9nt.<\/h5>\n<h5><strong><em>T\u00e1rol\u00e1si k\u00f6vetelm\u00e9ny: <\/em><\/strong>Napf\u00e9nyt\u0151l, sug\u00e1rz\u00f3 h\u0151t\u0151l v\u00e9dett, sz\u00e1raz helyen t\u00e1roland\u00f3!<\/h5>\n<p>[\/et_pb_tab][et_pb_tab title=&#8221;T\u00e1p\u00e9rt\u00e9k&#8221; _builder_version=&#8221;4.14.1&#8243; _module_preset=&#8221;default&#8221; global_colors_info=&#8221;{}&#8221;][\/et_pb_tab][et_pb_tab title=&#8221;Logisztikai adatok&#8221; _builder_version=&#8221;4.14.1&#8243; _module_preset=&#8221;default&#8221; global_colors_info=&#8221;{}&#8221;]<\/p>\n<h5><strong><em>Logisztikai adatok:\u00a0<\/em><\/strong><\/h5>\n<h5>Mennyis\u00e9gi egys\u00e9g: \u00a0\u00a0\u00a0\u00a0\u00a0\u00a0\u00a0\u00a0 csomag<\/h5>\n<h5>Mennyis\u00e9g: \u00a0\u00a0\u00a0\u00a0\u00a0\u00a0\u00a0\u00a0\u00a0\u00a0 \u00a0\u00a0\u00a0\u00a0\u00a0\u00a0\u00a0\u00a0\u00a0\u00a0\u00a0 70 gramm \/ csomag<\/h5>\n<h5>Gy\u0171jt\u0151 zs\u00e1k:\u00a0\u00a0\u00a0\u00a0\u00a0\u00a0\u00a0\u00a0\u00a0\u00a0\u00a0\u00a0\u00a0\u00a0\u00a0\u00a0\u00a0\u00a0\u00a0\u00a0\u00a0 20 csomag \/ zs\u00e1k<\/h5>\n<h5>Zs\u00e1k \/ sor\u00a0\u00a0 \u00a0\u00a0\u00a0\u00a0\u00a0\u00a0\u00a0\u00a0\u00a0\u00a0\u00a0 \u00a0\u00a0\u00a0\u00a0\u00a0\u00a0\u00a0\u00a0\u00a0\u00a0\u00a0 6 db<\/h5>\n<h5>Sor \/ EUR raklap \u00a0\u00a0\u00a0\u00a0\u00a0\u00a0\u00a0\u00a0\u00a0\u00a0\u00a0\u00a0\u00a0 10 db<\/h5>\n<h5>Zs\u00e1k \/ EUR raklap \u00a0\u00a0\u00a0\u00a0\u00a0\u00a0\u00a0\u00a0\u00a0\u00a0\u00a0 60 (1200 csomag)<\/h5>\n<h5>Raklap nett\u00f3 \/ brutt\u00f3 s\u00faly: 84 \/ 112 kg<\/h5>\n<h5>Term\u00e9k magass\u00e1g: \u00a0\u00a0\u00a0\u00a0\u00a0\u00a0\u00a0\u00a0\u00a0\u00a0 10 cm<\/h5>\n<h5>Term\u00e9k sz\u00e9less\u00e9g: \u00a0\u00a0\u00a0\u00a0\u00a0\u00a0\u00a0\u00a0\u00a0\u00a0\u00a0 10 cm<\/h5>\n<h5>Term\u00e9k hossz\u00fas\u00e1g:\u00a0\u00a0\u00a0\u00a0\u00a0\u00a0\u00a0\u00a0\u00a0\u00a0\u00a0 32 cm<\/h5>\n<h5>Zs\u00e1k brutt\u00f3 s\u00faly: \u00a0 \u00a0\u00a0\u00a0\u00a0\u00a0\u00a0\u00a0\u00a0\u00a0\u00a0\u00a0 1,5 kg<\/h5>\n<h5>Zs\u00e1k m\u00e9ret: \u00a0\u00a0\u00a0\u00a0\u00a0\u00a0\u00a0\u00a0\u00a0\u00a0\u00a0\u00a0\u00a0\u00a0\u00a0\u00a0\u00a0\u00a0\u00a0\u00a0\u00a0 30x65x14 cm (sz\u00e9l x hossz x mag)<\/h5>\n<h5>Csomagolt raklap m\u00e9ret\u00a0\u00a0\u00a0 100x130x160 m (sz\u00e9l x hossz x mag)<\/h5>\n<p>[\/et_pb_tab][\/et_pb_tabs][\/et_pb_column][\/et_pb_row][\/et_pb_section][et_pb_section fb_built=&#8221;1&#8243; _builder_version=&#8221;4.14.1&#8243; _module_preset=&#8221;default&#8221; global_colors_info=&#8221;{}&#8221;][et_pb_row column_structure=&#8221;2_5,3_5&#8243; _builder_version=&#8221;4.14.1&#8243; _module_preset=&#8221;default&#8221; global_colors_info=&#8221;{}&#8221;][et_pb_column type=&#8221;2_5&#8243; _builder_version=&#8221;4.14.1&#8243; _module_preset=&#8221;default&#8221; global_colors_info=&#8221;{}&#8221;][et_pb_text _builder_version=&#8221;4.14.1&#8243; _module_preset=&#8221;default&#8221; text_font=&#8221;PT Sans||||||||&#8221; text_text_color=&#8221;#5E3517&#8243; text_font_size=&#8221;30px&#8221; global_colors_info=&#8221;{}&#8221;]<\/p>\n<h2>Extrud\u00e1lt kukoricapehely<\/h2>\n<p>[\/et_pb_text][\/et_pb_column][et_pb_column type=&#8221;3_5&#8243; _builder_version=&#8221;4.14.1&#8243; _module_preset=&#8221;default&#8221; global_colors_info=&#8221;{}&#8221;][\/et_pb_column][\/et_pb_row][et_pb_row column_structure=&#8221;2_5,3_5&#8243; _builder_version=&#8221;4.14.1&#8243; _module_preset=&#8221;default&#8221; global_colors_info=&#8221;{}&#8221;][et_pb_column type=&#8221;2_5&#8243; _builder_version=&#8221;4.14.1&#8243; _module_preset=&#8221;default&#8221; global_colors_info=&#8221;{}&#8221;][et_pb_image src=&#8221;https:\/\/traccsparti.eu\/wp-content\/uploads\/2022\/05\/Extrud\u00e1lt-kukoricapehely-198&#215;300.png&#8221; title_text=&#8221;Extrud\u00e1lt kukoricapehely&#8221; _builder_version=&#8221;4.14.1&#8243; _module_preset=&#8221;default&#8221; global_colors_info=&#8221;{}&#8221;][\/et_pb_image][\/et_pb_column][et_pb_column type=&#8221;3_5&#8243; _builder_version=&#8221;4.14.1&#8243; _module_preset=&#8221;default&#8221; global_colors_info=&#8221;{}&#8221;][et_pb_tabs _builder_version=&#8221;4.14.1&#8243; _module_preset=&#8221;default&#8221; global_colors_info=&#8221;{}&#8221;][et_pb_tab title=&#8221;Term\u00e9k inform\u00e1ci\u00f3k&#8221; _builder_version=&#8221;4.14.1&#8243; _module_preset=&#8221;default&#8221; global_colors_info=&#8221;{}&#8221;]<\/p>\n<h5>Hazai termeszt\u00e9s\u0171 kukorica leg\u00e9rt\u00e9kesebb r\u00e9sz\u00e9b\u0151l extrud\u00e1ci\u00f3s (puffaszt\u00e1sos) elj\u00e1r\u00e1ssal k\u00e9sz\u00fclt \u00e9rt\u00e9kes gabona snack term\u00e9k.<o:p><\/o:p><\/h5>\n<h5>\u00d6sszetev\u0151k: \u00a0\u00a0\u00a0\u00a0\u00a0\u00a0\u00a0\u00a0\u00a0\u00a0\u00a0\u00a0\u00a0\u00a0\u00a0\u00a0\u00a0\u00a0\u00a0 Kukoricadara, s\u00f3 0,9%<o:p><\/o:p><\/h5>\n<h5>Allerg\u00e9nek:\u00a0\u00a0\u00a0\u00a0\u00a0\u00a0\u00a0\u00a0\u00a0\u00a0\u00a0\u00a0\u00a0\u00a0\u00a0\u00a0\u00a0\u00a0\u00a0\u00a0\u00a0 Nem tartalmaz allerg\u00e9nt.<o:p><\/o:p><\/h5>\n<h5>T\u00e1rol\u00e1si k\u00f6vetelm\u00e9ny: \u00a0\u00a0 Napf\u00e9nyt\u0151l, sug\u00e1rz\u00f3 h\u0151t\u0151l v\u00e9dett, sz\u00e1raz helyen t\u00e1roland\u00f3!<o:p><\/o:p><\/h5>\n<p>[\/et_pb_tab][et_pb_tab title=&#8221;T\u00e1p\u00e9rt\u00e9k&#8221; _builder_version=&#8221;4.14.1&#8243; _module_preset=&#8221;default&#8221; global_colors_info=&#8221;{}&#8221;][\/et_pb_tab][et_pb_tab title=&#8221;Logisztikai adatok&#8221; _builder_version=&#8221;4.14.1&#8243; _module_preset=&#8221;default&#8221; global_colors_info=&#8221;{}&#8221;][\/et_pb_tab][\/et_pb_tabs][\/et_pb_column][\/et_pb_row][\/et_pb_section][et_pb_section fb_built=&#8221;1&#8243; admin_label=&#8221;Footer&#8221; _builder_version=&#8221;4.14.1&#8243; use_background_color_gradient=&#8221;on&#8221; background_color_gradient_start=&#8221;#160d08&#8243; background_color_gradient_end=&#8221;rgba(0,0,0,0.66)&#8221; background_color_gradient_overlays_image=&#8221;on&#8221; background_image=&#8221;https:\/\/traccsparti.eu\/wp-content\/uploads\/2019\/01\/vegyes.jpg&#8221; custom_padding=&#8221;0|0px|54px|0px|false|false&#8221; global_colors_info=&#8221;{}&#8221; theme_builder_area=&#8221;post_content&#8221;][et_pb_row _builder_version=&#8221;3.25&#8243; width=&#8221;100%&#8221; max_width=&#8221;100%&#8221; custom_padding=&#8221;0|0px|0|0px|false|false&#8221; use_custom_width=&#8221;on&#8221; width_unit=&#8221;off&#8221; custom_width_percent=&#8221;100%&#8221; global_colors_info=&#8221;{}&#8221; theme_builder_area=&#8221;post_content&#8221;][et_pb_column type=&#8221;4_4&#8243; _builder_version=&#8221;3.25&#8243; custom_padding=&#8221;|||&#8221; global_colors_info=&#8221;{}&#8221; custom_padding__hover=&#8221;|||&#8221; theme_builder_area=&#8221;post_content&#8221;][\/et_pb_column][\/et_pb_row][et_pb_row column_structure=&#8221;1_5,1_5,1_5,1_5,1_5&#8243; _builder_version=&#8221;3.25&#8243; custom_margin=&#8221;60px||60px||true&#8221; global_colors_info=&#8221;{}&#8221; theme_builder_area=&#8221;post_content&#8221;][et_pb_column type=&#8221;1_5&#8243; _builder_version=&#8221;3.25&#8243; custom_padding=&#8221;|||&#8221; global_colors_info=&#8221;{}&#8221; custom_padding__hover=&#8221;|||&#8221; theme_builder_area=&#8221;post_content&#8221;][\/et_pb_column][et_pb_column type=&#8221;1_5&#8243; _builder_version=&#8221;3.25&#8243; custom_padding=&#8221;|||&#8221; global_colors_info=&#8221;{}&#8221; custom_padding__hover=&#8221;|||&#8221; theme_builder_area=&#8221;post_content&#8221;][\/et_pb_column][et_pb_column type=&#8221;1_5&#8243; _builder_version=&#8221;4.14.1&#8243; _module_preset=&#8221;default&#8221; global_colors_info=&#8221;{}&#8221; theme_builder_area=&#8221;post_content&#8221;][et_pb_button button_text=&#8221;Kapcsolat&#8221; button_alignment=&#8221;left&#8221; _builder_version=&#8221;4.14.1&#8243; custom_button=&#8221;on&#8221; button_text_size=&#8221;14px&#8221; button_text_color=&#8221;#FFFFFF&#8221; button_bg_color=&#8221;#D28F41&#8243; button_border_width=&#8221;0px&#8221; button_border_radius=&#8221;0px&#8221; button_letter_spacing=&#8221;1px&#8221; button_font=&#8221;PT Sans|700||on|||||&#8221; button_icon=&#8221;&#x24;||divi||400&#8243; button_on_hover=&#8221;off&#8221; custom_margin=&#8221;|||||false&#8221; custom_padding=&#8221;16px|40px|16px|20px|true|false&#8221; hover_enabled=&#8221;0&#8243; locked=&#8221;off&#8221; global_colors_info=&#8221;{}&#8221; theme_builder_area=&#8221;post_content&#8221; button_url=&#8221;https:\/\/traccsparti.eu\/kapcsolat\/?et_fb=1&#038;PageSpeed=off&#8221; sticky_enabled=&#8221;0&#8243;][\/et_pb_button][\/et_pb_column][et_pb_column type=&#8221;1_5&#8243; _builder_version=&#8221;3.25&#8243; custom_padding=&#8221;|||&#8221; global_colors_info=&#8221;{}&#8221; custom_padding__hover=&#8221;|||&#8221; theme_builder_area=&#8221;post_content&#8221;][\/et_pb_column][et_pb_column type=&#8221;1_5&#8243; _builder_version=&#8221;3.25&#8243; custom_padding=&#8221;|||&#8221; global_colors_info=&#8221;{}&#8221; custom_padding__hover=&#8221;|||&#8221; theme_builder_area=&#8221;post_content&#8221;][\/et_pb_column][\/et_pb_row][\/et_pb_section]<\/p>\n","protected":false},"excerpt":{"rendered":"<p>Gy\u00fcm\u00f6lcs\u00edz\u0171 kukoricapehelyExtrud\u00e1lt kukoricapehely goly\u00f3k, cukros, sz\u00ednes bevonattal. \u00d6sszetev\u0151k: Kukoricagr\u00edz, cukor, kem\u00e9ny\u00edt\u0151, sz\u00f6rp, term\u00e9szetazonos arom\u00e1k, sz\u00ednez\u00e9kek: E104, E110, E132, E124. Allerg\u00e9nek:\u00a0Nem tartalmaz allerg\u00e9nt. T\u00e1rol\u00e1si k\u00f6vetelm\u00e9ny: Napf\u00e9nyt\u0151l, sug\u00e1rz\u00f3 h\u0151t\u0151l v\u00e9dett, sz\u00e1raz helyen t\u00e1roland\u00f3!Logisztikai adatok:\u00a0 Mennyis\u00e9gi egys\u00e9g: \u00a0\u00a0\u00a0\u00a0\u00a0\u00a0\u00a0\u00a0 csomag Mennyis\u00e9g: \u00a0\u00a0\u00a0\u00a0\u00a0\u00a0\u00a0\u00a0\u00a0\u00a0 \u00a0\u00a0\u00a0\u00a0\u00a0\u00a0\u00a0\u00a0\u00a0\u00a0\u00a0 70 gramm \/ csomag Gy\u0171jt\u0151 zs\u00e1k:\u00a0\u00a0\u00a0\u00a0\u00a0\u00a0\u00a0\u00a0\u00a0\u00a0\u00a0\u00a0\u00a0\u00a0\u00a0\u00a0\u00a0\u00a0\u00a0\u00a0\u00a0 20 csomag \/ zs\u00e1k Zs\u00e1k \/ sor\u00a0\u00a0 \u00a0\u00a0\u00a0\u00a0\u00a0\u00a0\u00a0\u00a0\u00a0\u00a0\u00a0 \u00a0\u00a0\u00a0\u00a0\u00a0\u00a0\u00a0\u00a0\u00a0\u00a0\u00a0 6 [&hellip;]<\/p>\n","protected":false},"author":1,"featured_media":0,"parent":0,"menu_order":0,"comment_status":"closed","ping_status":"closed","template":"","meta":{"_et_pb_use_builder":"on","_et_pb_old_content":"[vc_row][vc_column][vc_column_text][\/vc_column_text][vc_row_inner][vc_column_inner][\/vc_column_inner][\/vc_row_inner][vc_column_text]<!-- wp:paragraph -->\n<p><\/p>\n<!-- \/wp:paragraph -->\n\n<!-- wp:paragraph -->\n<p><\/p>\n<!-- \/wp:paragraph -->\n\n<!-- wp:paragraph -->\n<p><\/p>\n<!-- \/wp:paragraph -->\n\n<!-- wp:paragraph -->\n<p><\/p>\n<!-- \/wp:paragraph -->\n\n<p>[\/vc_column_text][\/vc_column][\/vc_row][vc_row][vc_column width=\"1\/4\"][vc_images_carousel images=\"1955\" img_size=\"full\" title=\"Extrud\u00e1lt s\u00f3s kukoricapehely\"][vc_images_carousel images=\"2025\" img_size=\"full\"][\/vc_column][vc_column width=\"3\/4\"][vc_tta_tour active_section=\"1\"][vc_tta_section title=\"Term\u00e9k inform\u00e1ci\u00f3k\" tab_id=\"1546642399840-e0209973-3b18\"][vc_column_text]<h5>Hazai termeszt\u00e9s\u0171 kukorica leg\u00e9rt\u00e9kesebb r\u00e9sz\u00e9b\u0151l extrud\u00e1ci\u00f3s (puffaszt\u00e1sos) elj\u00e1r\u00e1ssal k\u00e9sz\u00fclt \u00e9rt\u00e9kes gabona snack term\u00e9k.<\/h5>\n<h5>\u00d6sszetev\u0151k: \u00a0\u00a0\u00a0\u00a0\u00a0\u00a0\u00a0\u00a0\u00a0\u00a0\u00a0\u00a0\u00a0\u00a0\u00a0\u00a0\u00a0\u00a0\u00a0 Kukoricadara, s\u00f3 0,9%<\/h5>\n<h5>Allerg\u00e9nek:\u00a0\u00a0\u00a0\u00a0\u00a0\u00a0\u00a0\u00a0\u00a0\u00a0\u00a0\u00a0\u00a0\u00a0\u00a0\u00a0\u00a0\u00a0\u00a0\u00a0\u00a0 Nem tartalmaz allerg\u00e9nt.<\/h5>\n<h5 style=\"text-align: left;\">T\u00e1rol\u00e1si k\u00f6vetelm\u00e9ny: \u00a0\u00a0 Napf\u00e9nyt\u0151l, sug\u00e1rz\u00f3 h\u0151t\u0151l v\u00e9dett, sz\u00e1raz helyen t\u00e1roland\u00f3!<\/h5>[\/vc_column_text][\/vc_tta_section][vc_tta_section title=\"T\u00e1p\u00e9rt\u00e9k\" tab_id=\"1546642399840-3dc9ede4-81ad\"][vc_column_text][\/vc_column_text][\/vc_tta_section][vc_tta_section title=\"Logisztikai adatok\" tab_id=\"1547912684972-d3a27a76-1ecd\"][\/vc_tta_section][\/vc_tta_tour][\/vc_column][\/vc_row][vc_row][vc_column width=\"1\/4\"][vc_images_carousel images=\"1955\" img_size=\"full\" title=\"Gy\u00fcm\u00f6lcs\u00edz\u0171 kukoricapehely\"][vc_images_carousel images=\"2026\" img_size=\"full\"][\/vc_column][vc_column width=\"3\/4\"][vc_tta_tour][vc_tta_section title=\"Term\u00e9k inform\u00e1ci\u00f3k\" tab_id=\"1546642442396-ec32178a-19fc\"][vc_column_text]<\/p>\n<h5>Extrud\u00e1lt kukoricapehely goly\u00f3k, cukros, sz\u00ednes bevonattal.<\/h5>\n<h5><em><strong>\u00d6sszetev\u0151k:<\/strong><\/em> Kukoricagr\u00edz, cukor, kem\u00e9ny\u00edt\u0151, sz\u00f6rp, term\u00e9szetazonos arom\u00e1k, sz\u00ednez\u00e9kek: E104, E110, E132, E124.<\/h5>\n<h5><em><strong>Allerg\u00e9nek:&nbsp;<\/strong><\/em>Nem tartalmaz allerg\u00e9nt.<\/h5>\n<h5><em><strong>T\u00e1rol\u00e1si k\u00f6vetelm\u00e9ny: <\/strong><\/em>Napf\u00e9nyt\u0151l, sug\u00e1rz\u00f3 h\u0151t\u0151l v\u00e9dett, sz\u00e1raz helyen t\u00e1roland\u00f3!<\/h5>\n<p>[\/vc_column_text][\/vc_tta_section][vc_tta_section title=\"T\u00e1p\u00e9rt\u00e9k\" tab_id=\"1546642442397-17095e3f-06be\"][\/vc_tta_section][vc_tta_section title=\"Logisztikai adatok\" tab_id=\"1546642464255-f8ba4993-429d\"][vc_column_text]<\/p>\n<h5><em><strong>Vonalk\u00f3d: &nbsp;&nbsp;&nbsp;<\/strong><\/em>&nbsp;&nbsp;&nbsp;&nbsp;&nbsp;&nbsp;&nbsp;&nbsp;&nbsp;&nbsp;&nbsp;&nbsp;&nbsp;&nbsp;&nbsp;&nbsp;&nbsp;&nbsp; 8588000204151<\/h5>\n<h5><em><strong>Logisztikai adatok:&nbsp;<\/strong><\/em><\/h5>\n<h5>Mennyis\u00e9gi egys\u00e9g: &nbsp;&nbsp;&nbsp;&nbsp;&nbsp;&nbsp;&nbsp;&nbsp; csomag<\/h5>\n<h5>Mennyis\u00e9g: &nbsp;&nbsp;&nbsp;&nbsp;&nbsp;&nbsp;&nbsp;&nbsp;&nbsp;&nbsp; &nbsp;&nbsp;&nbsp;&nbsp;&nbsp;&nbsp;&nbsp;&nbsp;&nbsp;&nbsp;&nbsp; 70 gramm \/ csomag<\/h5>\n<h5>Gy\u0171jt\u0151 zs\u00e1k:&nbsp;&nbsp;&nbsp;&nbsp;&nbsp;&nbsp;&nbsp;&nbsp;&nbsp;&nbsp;&nbsp;&nbsp;&nbsp;&nbsp;&nbsp;&nbsp;&nbsp;&nbsp;&nbsp;&nbsp;&nbsp; 20 csomag \/ zs\u00e1k<\/h5>\n<h5>Zs\u00e1k \/ sor&nbsp;&nbsp; &nbsp;&nbsp;&nbsp;&nbsp;&nbsp;&nbsp;&nbsp;&nbsp;&nbsp;&nbsp;&nbsp; &nbsp;&nbsp;&nbsp;&nbsp;&nbsp;&nbsp;&nbsp;&nbsp;&nbsp;&nbsp;&nbsp; 6 db<\/h5>\n<h5>Sor \/ EUR raklap &nbsp;&nbsp;&nbsp;&nbsp;&nbsp;&nbsp;&nbsp;&nbsp;&nbsp;&nbsp;&nbsp;&nbsp;&nbsp; 10 db<\/h5>\n<h5>Zs\u00e1k \/ EUR raklap &nbsp;&nbsp;&nbsp;&nbsp;&nbsp;&nbsp;&nbsp;&nbsp;&nbsp;&nbsp;&nbsp; 60 (1200 csomag)<\/h5>\n<h5>Raklap nett\u00f3 \/ brutt\u00f3 s\u00faly: 84 \/ 112 kg<\/h5>\n<h5>Term\u00e9k magass\u00e1g: &nbsp;&nbsp;&nbsp;&nbsp;&nbsp;&nbsp;&nbsp;&nbsp;&nbsp;&nbsp; 10 cm<\/h5>\n<h5>Term\u00e9k sz\u00e9less\u00e9g: &nbsp;&nbsp;&nbsp;&nbsp;&nbsp;&nbsp;&nbsp;&nbsp;&nbsp;&nbsp;&nbsp; 10 cm<\/h5>\n<h5>Term\u00e9k hossz\u00fas\u00e1g:&nbsp;&nbsp;&nbsp;&nbsp;&nbsp;&nbsp;&nbsp;&nbsp;&nbsp;&nbsp;&nbsp; 32 cm<\/h5>\n<h5>Zs\u00e1k brutt\u00f3 s\u00faly: &nbsp; &nbsp;&nbsp;&nbsp;&nbsp;&nbsp;&nbsp;&nbsp;&nbsp;&nbsp;&nbsp;&nbsp; 1,5 kg<\/h5>\n<h5>Zs\u00e1k m\u00e9ret: &nbsp;&nbsp;&nbsp;&nbsp;&nbsp;&nbsp;&nbsp;&nbsp;&nbsp;&nbsp;&nbsp;&nbsp;&nbsp;&nbsp;&nbsp;&nbsp;&nbsp;&nbsp;&nbsp;&nbsp;&nbsp; 30x65x14 cm (sz\u00e9l x hossz x mag)<\/h5>\n<h5>Csomagolt raklap m\u00e9ret&nbsp;&nbsp;&nbsp; 100x130x160 m (sz\u00e9l x hossz x mag)<\/h5>\n<p>[\/vc_column_text][\/vc_tta_section][\/vc_tta_tour][\/vc_column][\/vc_row]","_et_gb_content_width":"","footnotes":""},"class_list":["post-1656","page","type-page","status-publish","hentry"],"_links":{"self":[{"href":"http:\/\/traccsparti.eu\/en\/wp-json\/wp\/v2\/pages\/1656","targetHints":{"allow":["GET"]}}],"collection":[{"href":"http:\/\/traccsparti.eu\/en\/wp-json\/wp\/v2\/pages"}],"about":[{"href":"http:\/\/traccsparti.eu\/en\/wp-json\/wp\/v2\/types\/page"}],"author":[{"embeddable":true,"href":"http:\/\/traccsparti.eu\/en\/wp-json\/wp\/v2\/users\/1"}],"replies":[{"embeddable":true,"href":"http:\/\/traccsparti.eu\/en\/wp-json\/wp\/v2\/comments?post=1656"}],"version-history":[{"count":18,"href":"http:\/\/traccsparti.eu\/en\/wp-json\/wp\/v2\/pages\/1656\/revisions"}],"predecessor-version":[{"id":3209,"href":"http:\/\/traccsparti.eu\/en\/wp-json\/wp\/v2\/pages\/1656\/revisions\/3209"}],"wp:attachment":[{"href":"http:\/\/traccsparti.eu\/en\/wp-json\/wp\/v2\/media?parent=1656"}],"curies":[{"name":"wp","href":"https:\/\/api.w.org\/{rel}","templated":true}]}}