{"id":25,"date":"2018-12-22T15:26:44","date_gmt":"2018-12-22T15:26:44","guid":{"rendered":"https:\/\/traccsparti.eu\/?page_id=25"},"modified":"2024-03-12T10:28:21","modified_gmt":"2024-03-12T09:28:21","slug":"kapcsolat","status":"publish","type":"page","link":"http:\/\/traccsparti.eu\/hu_hu\/kapcsolat\/","title":{"rendered":"Kapcsolat"},"content":{"rendered":"\n[et_pb_section fb_built=&#8221;1&#8243; admin_label=&#8221;section&#8221; _builder_version=&#8221;4.14.1&#8243; min_height=&#8221;673px&#8221; custom_padding=&#8221;||0px|||&#8221; link_option_url=&#8221;https:\/\/traccsparti.eu\/kapcsolat\/?et_fb=1&#038;PageSpeed=off&#8221; global_colors_info=&#8221;{}&#8221;][et_pb_row _builder_version=&#8221;4.14.1&#8243; _module_preset=&#8221;default&#8221; global_colors_info=&#8221;{}&#8221;][et_pb_column type=&#8221;4_4&#8243; _builder_version=&#8221;4.14.1&#8243; _module_preset=&#8221;default&#8221; global_colors_info=&#8221;{}&#8221;][et_pb_text _builder_version=&#8221;4.14.1&#8243; _module_preset=&#8221;default&#8221; hover_enabled=&#8221;0&#8243; global_colors_info=&#8221;{}&#8221; sticky_enabled=&#8221;0&#8243;]<h4 style=\"text-align: center;\"><strong>Becse M\u0171vek Kft.<\/strong><\/h4>\n<h4><\/h4>\n<h4 style=\"text-align: center;\">Sz\u00e9khely: 2500 Esztergom Budapesti u. 29.<\/h4>\n<h4 style=\"text-align: center;\"><\/h4>\n<h4 style=\"text-align: center;\">Levelez\u00e9si c\u00edm: 2500 Esztergom Budapesti u .29.<\/h4>\n<h4 style=\"text-align: center;\"><\/h4>\n<h4 style=\"text-align: center;\"><\/h4>\n<h4 style=\"text-align: center;\">E-mail:<\/h4>\n<h4 style=\"text-align: center;\"><img loading=\"lazy\" decoding=\"async\" class=\"size-full wp-image-1969 alignnone\" src=\"https:\/\/traccsparti.eu\/wp-content\/uploads\/2019\/01\/email.jpg\" alt=\"\" width=\"192\" height=\"27\" \/><\/h4>\n<h4 style=\"text-align: center;\"><\/h4>\n<h4 style=\"text-align: center;\">Tel.:\u00a0+36 20 242 1353<\/h4>\n<h4 style=\"text-align: center;\"><\/h4>\n<h4 style=\"text-align: center;\"><\/h4>\n<h4 style=\"text-align: center;\">Ad\u00f3sz\u00e1m: 11191182-2-11<\/h4>\n<h4 style=\"text-align: center;\"><\/h4>\n<h4 style=\"text-align: center;\">C\u00e9gjegyz\u00e9ksz\u00e1m: 11-09-003399<\/h4>[\/et_pb_text][\/et_pb_column][\/et_pb_row][\/et_pb_section]\n","protected":false},"excerpt":{"rendered":"<p>Becse M\u0171vek Kft. Sz\u00e9khely: 2500 Esztergom Budapesti u. 29. Levelez\u00e9si c\u00edm: 2500 Esztergom Budapesti u .29. E-mail: Tel.:\u00a0+36 20 242 1353 Ad\u00f3sz\u00e1m: 11191182-2-11 C\u00e9gjegyz\u00e9ksz\u00e1m: 11-09-003399<\/p>\n","protected":false},"author":1,"featured_media":0,"parent":0,"menu_order":0,"comment_status":"closed","ping_status":"closed","template":"","meta":{"_et_pb_use_builder":"on","_et_pb_old_content":"[vc_row][vc_column][vc_row_inner][vc_column_inner][\/vc_column_inner][\/vc_row_inner][vc_row_inner][vc_column_inner][\/vc_column_inner][\/vc_row_inner][vc_row_inner][vc_column_inner][vc_column_text][\/vc_column_text][\/vc_column_inner][\/vc_row_inner][vc_column_text]\n<h4 style=\"text-align: center;\"><strong>Becse M\u0171vek Kft.<\/strong><\/h4>\n<h5 style=\"text-align: center;\">Sz\u00e9khely: 2500 Esztergom Budapesti u. 29.<\/h5>\n<h5 style=\"text-align: center;\">\nLevelez\u00e9si c\u00edm: 2500 Esztergom Budapesti u .29.<\/h5>\n<h5 style=\"text-align: center;\">E-mail:<img class=\"size-full wp-image-1969 alignnone\" src=\"https:\/\/traccsparti.eu\/wp-content\/uploads\/2019\/01\/email.jpg\" alt=\"\" width=\"192\" height=\"27\" \/><\/h5>\n<h5 style=\"text-align: center;\">Tel.:\u00a0+36 20 242 1353<\/h5>\n<h5 style=\"text-align: center;\">Ad\u00f3sz\u00e1m: 11191182-2-11<\/h5>\n<h5 style=\"text-align: center;\">\nC\u00e9gjegyz\u00e9ksz\u00e1m: 11-09-003399<\/h5>\n[\/vc_column_text][\/vc_column][\/vc_row][vc_row][vc_column][vc_gmaps link=\"#E-8_JTNDaWZyYW1lJTIwc3JjJTNEJTIyaHR0cHMlM0ElMkYlMkZ3d3cuZ29vZ2xlLmNvbSUyRm1hcHMlMkZlbWJlZCUzRnBiJTNEJTIxMW0xOCUyMTFtMTIlMjExbTMlMjExZDI2ODEuMjAwNTY2NTMxMDI1JTIxMmQxOC43Mzg3NDI3MTU3MzEzMzQlMjEzZDQ3Ljc3NzU1ODc4NDE0NTQ1JTIxMm0zJTIxMWYwJTIxMmYwJTIxM2YwJTIxM20yJTIxMWkxMDI0JTIxMmk3NjglMjE0ZjEzLjElMjEzbTMlMjExbTIlMjExczB4NDc2YTYyMmFkZDI2NmViOSUyNTNBMHg3MTIyNmU5NDUzNmEwNDklMjEyc0VzenRlcmdvbSUyNTJDJTJCQnVkYXBlc3RpJTJCdS4lMkIyOSUyNTJDJTJCMjUwMCUyMTVlMCUyMTNtMiUyMTFzaHUlMjEyc2h1JTIxNHYxNTQ2NjQzNzk2NTQ2JTIyJTIwd2lkdGglM0QlMjI2MDAlMjIlMjBoZWlnaHQlM0QlMjI0NTAlMjIlMjBmcmFtZWJvcmRlciUzRCUyMjAlMjIlMjBzdHlsZSUzRCUyMmJvcmRlciUzQTAlMjIlMjBhbGxvd2Z1bGxzY3JlZW4lM0UlM0MlMkZpZnJhbWUlM0U=\" css_animation=\"none\" css=\".vc_custom_1546643833174{border-radius: 5px !important;}\"][\/vc_column][\/vc_row]","_et_gb_content_width":"","footnotes":""},"class_list":["post-25","page","type-page","status-publish","hentry"],"_links":{"self":[{"href":"http:\/\/traccsparti.eu\/hu_hu\/wp-json\/wp\/v2\/pages\/25","targetHints":{"allow":["GET"]}}],"collection":[{"href":"http:\/\/traccsparti.eu\/hu_hu\/wp-json\/wp\/v2\/pages"}],"about":[{"href":"http:\/\/traccsparti.eu\/hu_hu\/wp-json\/wp\/v2\/types\/page"}],"author":[{"embeddable":true,"href":"http:\/\/traccsparti.eu\/hu_hu\/wp-json\/wp\/v2\/users\/1"}],"replies":[{"embeddable":true,"href":"http:\/\/traccsparti.eu\/hu_hu\/wp-json\/wp\/v2\/comments?post=25"}],"version-history":[{"count":16,"href":"http:\/\/traccsparti.eu\/hu_hu\/wp-json\/wp\/v2\/pages\/25\/revisions"}],"predecessor-version":[{"id":3336,"href":"http:\/\/traccsparti.eu\/hu_hu\/wp-json\/wp\/v2\/pages\/25\/revisions\/3336"}],"wp:attachment":[{"href":"http:\/\/traccsparti.eu\/hu_hu\/wp-json\/wp\/v2\/media?parent=25"}],"curies":[{"name":"wp","href":"https:\/\/api.w.org\/{rel}","templated":true}]}}