{"id":1698,"date":"2019-01-02T21:50:47","date_gmt":"2019-01-02T21:50:47","guid":{"rendered":"https:\/\/traccsparti.eu\/?page_id=1698"},"modified":"2024-03-12T10:27:45","modified_gmt":"2024-03-12T09:27:45","slug":"rolunk","status":"publish","type":"page","link":"https:\/\/traccsparti.eu\/en\/rolunk\/","title":{"rendered":"About us"},"content":{"rendered":"\n[et_pb_section fb_built=&#8221;1&#8243; admin_label=&#8221;section&#8221; _builder_version=&#8221;3.22&#8243; global_colors_info=&#8221;{}&#8221;][et_pb_row admin_label=&#8221;row&#8221; _builder_version=&#8221;3.25&#8243; background_size=&#8221;initial&#8221; background_position=&#8221;top_left&#8221; background_repeat=&#8221;repeat&#8221; global_colors_info=&#8221;{}&#8221;][et_pb_column type=&#8221;4_4&#8243; _builder_version=&#8221;3.25&#8243; custom_padding=&#8221;|||&#8221; hover_enabled=&#8221;0&#8243; global_colors_info=&#8221;{}&#8221; custom_padding__hover=&#8221;|||&#8221; sticky_enabled=&#8221;0&#8243;][et_pb_text admin_label=&#8221;Text&#8221; _builder_version=&#8221;4.14.1&#8243; text_font=&#8221;PT Sans||||||||&#8221; text_text_color=&#8221;#5E3517&#8243; background_size=&#8221;initial&#8221; background_position=&#8221;top_left&#8221; background_repeat=&#8221;repeat&#8221; hover_enabled=&#8221;0&#8243; global_colors_info=&#8221;{}&#8221; sticky_enabled=&#8221;0&#8243;]<h2 style=\"text-align: justify;\">K\u00f6sz\u00f6ntj\u00fck a Becse M\u0171vek Kft. honlapj\u00e1n!<\/h2>\n<h4 style=\"text-align: justify;\"><\/h4>\n<h4 style=\"text-align: justify;\"><\/h4>\n<h4 style=\"text-align: justify;\">C\u00e9g\u00fcnk 1989 \u00f3ta van jelen a piacon.<\/h4>\n<p style=\"text-align: justify;\"><!-- \/divi:paragraph --><\/p>\n<p style=\"text-align: justify;\"><!-- divi:paragraph --><\/p>\n<h4 style=\"text-align: justify;\">Snack term\u00e9keket gy\u00e1rt\u00f3 csal\u00e1di v\u00e1llalkoz\u00e1sunkban kezdetben mi magunk dolgoztunk. Egyik nap termelt\u00fcnk, m\u00e1sik nap sz\u00e1ll\u00edtottunk,\u00a0 hogy term\u00e9keink mindennap frissen ker\u00fcljenek a v\u00e1s\u00e1rl\u00f3khoz.<\/h4>\n<h4 style=\"text-align: justify;\"><!-- \/divi:paragraph --><\/h4>\n<h4 style=\"text-align: justify;\"><!-- divi:paragraph --><\/h4>\n<h4 style=\"text-align: justify;\">R\u00f6vid id\u0151n bel\u00fcl a term\u00e9keink ir\u00e1nti fokozott \u00e9rdekl\u0151d\u00e9s lehet\u0151v\u00e9 tette azt, hogy a termel\u00e9si folyamatokhoz alkalmazottat foglalkoztassunk, saj\u00e1t feladatunk a sz\u00e1ll\u00edt\u00e1s \u00e9s a folyamatos piacb\u0151v\u00edt\u00e9s lett. El\u0151sz\u00f6r a lak\u00f3k\u00f6rzet\u00fcnk boltjait l\u00e1togattuk, majd sz\u00e9p lassan szinte az eg\u00e9sz orsz\u00e1gra kiterjed\u0151 h\u00e1l\u00f3zatot kezdt\u00fcnk m\u0171k\u00f6dtetni.<\/h4>\n<h4 style=\"text-align: justify;\"><!-- \/divi:paragraph --><\/h4>\n<h4 style=\"text-align: justify;\"><!-- divi:paragraph --><\/h4>\n<h4 style=\"text-align: justify;\">A megrendel\u00e9sek sz\u00e1m\u00e1nak n\u00f6veked\u00e9s\u00e9vel sz\u00fcks\u00e9gess\u00e9 v\u00e1lt a k\u00e9zi munka kiv\u00e1lt\u00e1sa automata g\u00e9pekkel, ami lehet\u0151v\u00e9 tette a gyorsabb munkav\u00e9gz\u00e9st, sok esetben a min\u0151s\u00e9g n\u00f6vel\u00e9st \u00e9s a n\u00f6vekv\u0151 sz\u00e1ll\u00edt\u00e1si ig\u00e9nyek kiel\u00e9g\u00edt\u00e9s\u00e9t.<\/h4>\n<h4 style=\"text-align: justify;\"><!-- \/divi:paragraph --><\/h4>\n<h4 style=\"text-align: justify;\"><!-- divi:paragraph --><\/h4>\n<h4 style=\"text-align: justify;\">Term\u00e9kcsal\u00e1dunkkal v\u00e1s\u00e1rl\u00f3k\u00e9nt a kisboltokban, \u00fczletl\u00e1ncokban, viszontelad\u00f3k\u00e9nt sz\u00e1mos nagykeresked\u00e9s k\u00edn\u00e1lat\u00e1ban tal\u00e1lkozhatsz. Term\u00e9keinkb\u0151l rakt\u00e1rk\u00e9szlet nincs, a termel\u00e9s a megrendel\u00e9sek f\u00fcggv\u00e9ny\u00e9ben t\u00f6rt\u00e9nik, \u00edgy \u00e1lland\u00f3an friss \u00e1ruval v\u00e1rj\u00e1k a boltokban.<\/h4>\n<p style=\"text-align: justify;\">[\/et_pb_text][\/et_pb_column][\/et_pb_row][\/et_pb_section]\n","protected":false},"excerpt":{"rendered":"<p>K\u00f6sz\u00f6ntj\u00fck a Becse M\u0171vek Kft. honlapj\u00e1n! C\u00e9g\u00fcnk 1989 \u00f3ta van jelen a piacon. Snack term\u00e9keket gy\u00e1rt\u00f3 csal\u00e1di v\u00e1llalkoz\u00e1sunkban kezdetben mi magunk dolgoztunk. Egyik nap termelt\u00fcnk, m\u00e1sik nap sz\u00e1ll\u00edtottunk,\u00a0 hogy term\u00e9keink mindennap frissen ker\u00fcljenek a v\u00e1s\u00e1rl\u00f3khoz. R\u00f6vid id\u0151n bel\u00fcl a term\u00e9keink ir\u00e1nti fokozott \u00e9rdekl\u0151d\u00e9s lehet\u0151v\u00e9 tette azt, hogy a termel\u00e9si folyamatokhoz alkalmazottat foglalkoztassunk, saj\u00e1t feladatunk a [&hellip;]<\/p>\n","protected":false},"author":1,"featured_media":0,"parent":0,"menu_order":0,"comment_status":"closed","ping_status":"closed","template":"","meta":{"_et_pb_use_builder":"on","_et_pb_old_content":"[vc_row][vc_column][vc_column_text][\/vc_column_text][\/vc_column][vc_column][\/vc_column][vc_column][\/vc_column][vc_column][vc_column_text]<p style=\"text-align: center;\">K\u00f6sz\u00f6nt\u00fcnk a Becse M\u0171vek Kft. honlapj\u00e1n. C\u00e9g\u00fcnk 1989 \u00f3ta van<br \/>jelen a piacon.<\/p>\n<p style=\"text-align: center;\"><!-- \/wp:paragraph --><\/p>\n<p style=\"text-align: center;\"><!-- wp:paragraph --><\/p>\n<p style=\"text-align: center;\">Snack term\u00e9keket gy\u00e1rt\u00f3 csal\u00e1di v\u00e1llalkoz\u00e1sunkban kezdetben mi magunk dolgoztunk. Egyik nap<br \/>termelt\u00fcnk, m\u00e1sik nap sz\u00e1ll\u00edtottunk, hogy term\u00e9keink mindennap frissen<br \/>ker\u00fcljenek a v\u00e1s\u00e1rl\u00f3khoz.<\/p>\n<p style=\"text-align: center;\"><!-- \/wp:paragraph --><\/p>\n<p style=\"text-align: center;\"><!-- wp:paragraph --><\/p>\n<p style=\"text-align: center;\">R\u00f6vid id\u0151n bel\u00fcl a term\u00e9keink ir\u00e1nti fokozott \u00e9rdekl\u0151d\u00e9s<br \/>lehet\u0151v\u00e9 tette azt, hogy a termel\u00e9si folyamatokhoz alkalmazottat<br \/>foglalkoztassunk, saj\u00e1t feladatunk a sz\u00e1ll\u00edt\u00e1s \u00e9s a folyamatos piacb\u0151v\u00edt\u00e9s<br \/>lett. El\u0151sz\u00f6r a lak\u00f3k\u00f6rzet\u00fcnk boltjait l\u00e1togattuk, majd sz\u00e9p lassan szinte az<br \/>eg\u00e9sz orsz\u00e1gra kiterjed\u0151 h\u00e1l\u00f3zatot kezdt\u00fcnk m\u0171k\u00f6dtetni.<\/p>\n<p style=\"text-align: center;\"><!-- \/wp:paragraph --><\/p>\n<p style=\"text-align: center;\"><!-- wp:paragraph --><\/p>\n<p style=\"text-align: center;\">A megrendel\u00e9sek sz\u00e1m\u00e1nak n\u00f6veked\u00e9s\u00e9vel sz\u00fcks\u00e9gess\u00e9 v\u00e1lt a k\u00e9zi<br \/>munka kiv\u00e1lt\u00e1sa automata g\u00e9pekkel, ami lehet\u0151v\u00e9 tette a gyorsabb munkav\u00e9gz\u00e9st,<br \/>sok esetben a min\u0151s\u00e9g n\u00f6vel\u00e9st \u00e9s a n\u00f6vekv\u0151 sz\u00e1ll\u00edt\u00e1si ig\u00e9nyek kiel\u00e9g\u00edt\u00e9s\u00e9t.<\/p>\n<p style=\"text-align: center;\"><!-- \/wp:paragraph --><\/p>\n<p style=\"text-align: center;\"><!-- wp:paragraph --><\/p>\n<p style=\"text-align: center;\">Term\u00e9kcsal\u00e1dunkkal v\u00e1s\u00e1rl\u00f3k\u00e9nt a kisboltokban, \u00fczletl\u00e1ncokban,<br \/>viszontelad\u00f3k\u00e9nt sz\u00e1mos nagykeresked\u00e9s k\u00edn\u00e1lat\u00e1ban tal\u00e1lkozhatsz. Term\u00e9keinkb\u0151l<br \/>rakt\u00e1rk\u00e9szlet nincs, a termel\u00e9s a megrendel\u00e9sek f\u00fcggv\u00e9ny\u00e9ben t\u00f6rt\u00e9nik, \u00edgy<br \/>\u00e1lland\u00f3an friss \u00e1ruval v\u00e1rnak a boltokban.<\/p>[\/vc_column_text][\/vc_column][\/vc_row][vc_row][vc_column width=\"1\/2\"][vc_btn title=\"Term\u00e9keinkr\u0151l b\u0151vebben\" style=\"gradient-custom\" gradient_custom_color_1=\"#d28f41\" gradient_custom_color_2=\"#e2bd39\" size=\"lg\" align=\"center\" link=\"url:https%3A%2F%2Ftraccsparti.eu%2Ftermekek%2F|||\"][\/vc_column][vc_column width=\"1\/2\"][vc_btn title=\"Viszontelad\u00f3kat keres\u00fcnk\" style=\"gradient-custom\" gradient_custom_color_1=\"#d28f41\" gradient_custom_color_2=\"#e2bd39\" size=\"lg\" align=\"center\" link=\"url:https%3A%2F%2Ftraccsparti.eu%2Fviszonteladoknak%2F|||\"][\/vc_column][\/vc_row]","_et_gb_content_width":"","footnotes":""},"class_list":["post-1698","page","type-page","status-publish","hentry"],"_links":{"self":[{"href":"https:\/\/traccsparti.eu\/en\/wp-json\/wp\/v2\/pages\/1698","targetHints":{"allow":["GET"]}}],"collection":[{"href":"https:\/\/traccsparti.eu\/en\/wp-json\/wp\/v2\/pages"}],"about":[{"href":"https:\/\/traccsparti.eu\/en\/wp-json\/wp\/v2\/types\/page"}],"author":[{"embeddable":true,"href":"https:\/\/traccsparti.eu\/en\/wp-json\/wp\/v2\/users\/1"}],"replies":[{"embeddable":true,"href":"https:\/\/traccsparti.eu\/en\/wp-json\/wp\/v2\/comments?post=1698"}],"version-history":[{"count":18,"href":"https:\/\/traccsparti.eu\/en\/wp-json\/wp\/v2\/pages\/1698\/revisions"}],"predecessor-version":[{"id":3334,"href":"https:\/\/traccsparti.eu\/en\/wp-json\/wp\/v2\/pages\/1698\/revisions\/3334"}],"wp:attachment":[{"href":"https:\/\/traccsparti.eu\/en\/wp-json\/wp\/v2\/media?parent=1698"}],"curies":[{"name":"wp","href":"https:\/\/api.w.org\/{rel}","templated":true}]}}