{"id":1702,"date":"2019-01-02T21:51:45","date_gmt":"2019-01-02T21:51:45","guid":{"rendered":"https:\/\/traccsparti.eu\/?page_id=1702"},"modified":"2024-03-12T10:26:09","modified_gmt":"2024-03-12T09:26:09","slug":"partnereknek","status":"publish","type":"page","link":"https:\/\/traccsparti.eu\/en\/partnereknek\/","title":{"rendered":"For our partners"},"content":{"rendered":"\n[et_pb_section fb_built=&#8221;1&#8243; admin_label=&#8221;section&#8221; _builder_version=&#8221;3.22&#8243; global_colors_info=&#8221;{}&#8221;][et_pb_row admin_label=&#8221;row&#8221; _builder_version=&#8221;3.25&#8243; background_size=&#8221;initial&#8221; background_position=&#8221;top_left&#8221; background_repeat=&#8221;repeat&#8221; global_colors_info=&#8221;{}&#8221;][et_pb_column type=&#8221;4_4&#8243; _builder_version=&#8221;3.25&#8243; custom_padding=&#8221;|||&#8221; global_colors_info=&#8221;{}&#8221; custom_padding__hover=&#8221;|||&#8221;][et_pb_text admin_label=&#8221;Text&#8221; _builder_version=&#8221;4.14.1&#8243; text_font=&#8221;PT Sans||||||||&#8221; text_text_color=&#8221;#5E3517&#8243; text_font_size=&#8221;20px&#8221; header_font=&#8221;PT Sans||||||||&#8221; header_text_color=&#8221;#5E3517&#8243; header_font_size=&#8221;19px&#8221; background_size=&#8221;initial&#8221; background_position=&#8221;top_left&#8221; background_repeat=&#8221;repeat&#8221; link_option_url=&#8221;https:\/\/traccsparti.eu\/viszonteladoknak\/?et_fb=1&#038;PageSpeed=off&#8221; hover_enabled=&#8221;0&#8243; global_colors_info=&#8221;{}&#8221; sticky_enabled=&#8221;0&#8243;]<h2 style=\"text-align: justify;\"><strong>Kedves \u00c9rdekl\u0151d\u0151!<\/strong><\/h2>\n<p><strong><\/strong><\/p>\n<h4 style=\"text-align: justify;\"><a href=\"https:\/\/traccsparti.eu\/termekek\/\">Term\u00e9keink<\/a> ir\u00e1nt nagy a kereslet de, hogy orsz\u00e1gszerte min\u00e9l t\u00f6bb \u00fczletben legyenek el\u00e9rhet\u0151k a fogyaszt\u00f3k sz\u00e1m\u00e1ra, folyamatosan v\u00e1runk \u00e9rdekl\u0151d\u0151ket. Ha \u00d6n, mint viszontelad\u00f3 nagykeresked\u0151k\u00e9nt, \u00e1ruter\u00edt\u0151k\u00e9nt vagy a fogyaszt\u00f3knak k\u00edn\u00e1l\u00f3 \u00fczlet tulajdonosak\u00e9nt \u00e9rdekl\u0151dik term\u00e9keink ir\u00e1nt k\u00e9rj\u00fck, mindenk\u00e9pp vegye fel vel\u00fcnk a kapcsolatot!<\/h4>\n<h4 style=\"text-align: justify;\">Jelenlegi partnereinkkel jellemz\u0151en t\u00f6bb mint 10 \u00e9ve \u00e1llunk kapcsolatban, amely j\u00f3l p\u00e9ld\u00e1zza term\u00e9keink piack\u00e9pess\u00e9g\u00e9t.<\/h4>\n<h4 style=\"text-align: justify;\">Nagykeresked\u0151k, \u00e1ruter\u00edt\u0151k\u00a0sz\u00e1m\u00e1ra kedvezm\u00e9nyes konstrukci\u00f3ban, rendel\u00e9si mennyis\u00e9g szerint, telephelyre kisz\u00e1ll\u00edtva, heti szinten tudjuk az ell\u00e1t\u00e1st biztos\u00edtani.<\/h4>\n<h4 style=\"text-align: justify;\">\u00dczletek jelentkez\u00e9s\u00e9t is v\u00e1rjuk, adatai megad\u00e1s\u00e1val megkeress\u00fck az \u00d6nh\u00f6z legk\u00f6zelebbi viszontelad\u00f3nkat vagy direkt m\u00f3don mi sz\u00e1ll\u00edtjuk ki termeinket. Ha m\u00e1r forgalmazza egy-egy term\u00e9k\u00fcnket, de a kisz\u00e1ll\u00edt\u00e1s gyakoris\u00e1g\u00e1val, mennyis\u00e9g\u00e9vel vagy az \u00e1ruv\u00e1laszt\u00e9kkal el\u00e9gedetlen, akkor is keressen minket bizalommal, hiszen minden viszontelad\u00f3nkkal j\u00f3 kapcsolatot \u00e1polva k\u00f6nnyed\u00e9n meg tudjuk oldani ezen probl\u00e9m\u00e1kat.<\/h4>\n<h3 style=\"text-align: justify;\"><em>K\u00e9rj\u00fck vegye fel vel\u00fcnk a kapcsolatot, hogy \u00e1raj\u00e1nlatunkkal \u00e1llhassunk a rendelkez\u00e9s\u00e9re!<\/em><\/h3>\n<p>&nbsp;<\/p>\n<p style=\"text-align: left;\">email:<br \/><img loading=\"lazy\" decoding=\"async\" class=\"size-full wp-image-1969 alignnone\" src=\"https:\/\/traccsparti.eu\/wp-content\/uploads\/2019\/01\/email.jpg\" alt=\"\" width=\"192\" height=\"27\" \/><\/p>\n<p>tel.: +36 20 242 1353<\/p>[\/et_pb_text][\/et_pb_column][\/et_pb_row][\/et_pb_section]\n","protected":false},"excerpt":{"rendered":"<p>Kedves \u00c9rdekl\u0151d\u0151! Term\u00e9keink ir\u00e1nt nagy a kereslet de, hogy orsz\u00e1gszerte min\u00e9l t\u00f6bb \u00fczletben legyenek el\u00e9rhet\u0151k a fogyaszt\u00f3k sz\u00e1m\u00e1ra, folyamatosan v\u00e1runk \u00e9rdekl\u0151d\u0151ket. Ha \u00d6n, mint viszontelad\u00f3 nagykeresked\u0151k\u00e9nt, \u00e1ruter\u00edt\u0151k\u00e9nt vagy a fogyaszt\u00f3knak k\u00edn\u00e1l\u00f3 \u00fczlet tulajdonosak\u00e9nt \u00e9rdekl\u0151dik term\u00e9keink ir\u00e1nt k\u00e9rj\u00fck, mindenk\u00e9pp vegye fel vel\u00fcnk a kapcsolatot! Jelenlegi partnereinkkel jellemz\u0151en t\u00f6bb mint 10 \u00e9ve \u00e1llunk kapcsolatban, amely j\u00f3l p\u00e9ld\u00e1zza [&hellip;]<\/p>\n","protected":false},"author":1,"featured_media":0,"parent":0,"menu_order":0,"comment_status":"closed","ping_status":"closed","template":"","meta":{"_et_pb_use_builder":"on","_et_pb_old_content":"[vc_row][vc_column][\/vc_column][\/vc_row][vc_row][vc_column][vc_column_text][\/vc_column_text][\/vc_column][\/vc_row][vc_row][vc_column][vc_column_text]\n<h2 style=\"text-align: center;\"><strong>Kedves \u00c9rdekl\u0151d\u0151!<\/strong><\/h2>\n&nbsp;\n<p style=\"text-align: center;\"><a href=\"https:\/\/traccsparti.eu\/termekek\/\">Term\u00e9keink<\/a>\u00a0ir\u00e1nt nagy a kereslet de, hogy orsz\u00e1gszerte min\u00e9l t\u00f6bb \u00fczletben legyenek el\u00e9rhet\u0151k a fogyaszt\u00f3k sz\u00e1m\u00e1ra, folyamatosan v\u00e1runk \u00e9rdekl\u0151d\u0151ket. Ha Te mint viszontelad\u00f3 nagykeresked\u0151k\u00e9nt, \u00e1ruter\u00edt\u0151k\u00e9nt, vagy a fogyaszt\u00f3knak k\u00edn\u00e1l\u00f3 \u00fczlet tulajdonosk\u00e9nt\u00a0 \u00e9rdekl\u0151dsz term\u00e9keink ir\u00e1nt k\u00e9r\u00fcnk, mindenk\u00e9pp vegyed fel vel\u00fcnk a kapcsolatot!<\/p>\nJelenlegi partnereinkkel jellemz\u0151en t\u00f6bb mint 10 \u00e9ve \u00e1llunk kapcsolatban, amely j\u00f3l p\u00e9ld\u00e1zza term\u00e9keink piack\u00e9pess\u00e9g\u00e9t.[\/vc_column_text][\/vc_column][\/vc_row][vc_row][vc_column width=\"1\/2\"][vc_column_text]\n<h2>Nagykeresked\u0151k, \u00e1ruter\u00edt\u0151k<\/h2>\nsz\u00e1m\u00e1ra kedvezm\u00e9nyes konstrukci\u00f3ban, rendel\u00e9si mennyis\u00e9g szerint, telephelyre kisz\u00e1ll\u00edtva, heti szinten tudjuk az ell\u00e1t\u00e1st biztos\u00edtani.[\/vc_column_text][\/vc_column][vc_column width=\"1\/2\"][vc_column_text]\n<h2>\u00dczletek<\/h2>\njelentkez\u00e9s\u00e9t is v\u00e1rjuk, adataid megad\u00e1s\u00e1val megkeress\u00fck a Hozz\u00e1d legk\u00f6zelebbi viszontelad\u00f3nkat, vagy direkt m\u00f3don mi sz\u00e1ll\u00edtjuk ki termeinket. Ha m\u00e1r forgalmazod egy-egy term\u00e9k\u00fcnket, de a kisz\u00e1ll\u00edt\u00e1s gyakoris\u00e1g\u00e1val, mennyis\u00e9g\u00e9vel vagy az \u00e1ruv\u00e1laszt\u00e9kkal el\u00e9gedetlen vagy, akkor is keress minket bizalommal, hiszen minden viszontelad\u00f3nkkal j\u00f3 kapcsolatot \u00e1polva k\u00f6nnyed\u00e9n meg tudjuk oldani ezen probl\u00e9m\u00e1kat.[\/vc_column_text][\/vc_column][\/vc_row][vc_row][vc_column][vc_column_text]\n<h2 style=\"text-align: left;\">K\u00e9r\u00fcnk vegyed fel vel\u00fcnk a kapcsolatot, hogy \u00e1raj\u00e1nlatunkkal \u00e1llhassunk a rendelkez\u00e9sedre!<\/h2>\n[\/vc_column_text][\/vc_column][\/vc_row][vc_row][vc_column width=\"1\/2\"][wpforms id=\"1689\" title=\"false\" description=\"false\"][vc_column_text]&nbsp;\n\n&nbsp;\n<p style=\"text-align: left;\">email:\u00a0<img class=\"alignnone size-full wp-image-1824\" src=\"https:\/\/traccsparti.eu\/wp-content\/uploads\/2019\/01\/email-2.jpg\" alt=\"\" width=\"192\" height=\"27\" \/><img class=\"size-full wp-image-1969 alignnone\" src=\"https:\/\/traccsparti.eu\/wp-content\/uploads\/2019\/01\/email.jpg\" alt=\"\" width=\"192\" height=\"27\" \/><\/p>\ntel.: +36 20 242 1353[\/vc_column_text][\/vc_column][vc_column width=\"1\/2\"][vc_column_text]<img class=\"alignleft wp-image-1977\" src=\"https:\/\/traccsparti.eu\/wp-content\/uploads\/2019\/01\/nyil-222x300.jpg\" alt=\"\" width=\"102\" height=\"137\" \/>[\/vc_column_text][\/vc_column][\/vc_row][vc_row][vc_column][vc_single_image image=\"2009\" img_size=\"medium\" alignment=\"center\"][\/vc_column][\/vc_row]","_et_gb_content_width":"","footnotes":""},"class_list":["post-1702","page","type-page","status-publish","hentry"],"_links":{"self":[{"href":"https:\/\/traccsparti.eu\/en\/wp-json\/wp\/v2\/pages\/1702","targetHints":{"allow":["GET"]}}],"collection":[{"href":"https:\/\/traccsparti.eu\/en\/wp-json\/wp\/v2\/pages"}],"about":[{"href":"https:\/\/traccsparti.eu\/en\/wp-json\/wp\/v2\/types\/page"}],"author":[{"embeddable":true,"href":"https:\/\/traccsparti.eu\/en\/wp-json\/wp\/v2\/users\/1"}],"replies":[{"embeddable":true,"href":"https:\/\/traccsparti.eu\/en\/wp-json\/wp\/v2\/comments?post=1702"}],"version-history":[{"count":19,"href":"https:\/\/traccsparti.eu\/en\/wp-json\/wp\/v2\/pages\/1702\/revisions"}],"predecessor-version":[{"id":3335,"href":"https:\/\/traccsparti.eu\/en\/wp-json\/wp\/v2\/pages\/1702\/revisions\/3335"}],"wp:attachment":[{"href":"https:\/\/traccsparti.eu\/en\/wp-json\/wp\/v2\/media?parent=1702"}],"curies":[{"name":"wp","href":"https:\/\/api.w.org\/{rel}","templated":true}]}}