{"id":3631,"date":"2026-04-13T11:00:35","date_gmt":"2026-04-13T09:00:35","guid":{"rendered":"https:\/\/traccsparti.eu\/?page_id=3631"},"modified":"2026-04-13T12:18:11","modified_gmt":"2026-04-13T10:18:11","slug":"kap-palyazat","status":"publish","type":"page","link":"https:\/\/traccsparti.eu\/en\/kap-palyazat\/","title":{"rendered":"KAP P\u00e1ly\u00e1zat"},"content":{"rendered":"\n[et_pb_section fb_built=&#8221;1&#8243; _builder_version=&#8221;4.24.2&#8243; _module_preset=&#8221;default&#8221; custom_margin=&#8221;-79px||-13px||false|false&#8221; global_colors_info=&#8221;{}&#8221;][\/et_pb_section][et_pb_section fb_built=&#8221;1&#8243; disabled_on=&#8221;off|off|off&#8221; _builder_version=&#8221;4.27.6&#8243; _module_preset=&#8221;default&#8221; global_colors_info=&#8221;{}&#8221;][et_pb_row _builder_version=&#8221;4.27.6&#8243; _module_preset=&#8221;default&#8221; global_colors_info=&#8221;{}&#8221;][et_pb_column type=&#8221;4_4&#8243; _builder_version=&#8221;4.27.6&#8243; _module_preset=&#8221;default&#8221; global_colors_info=&#8221;{}&#8221;][et_pb_image src=&#8221;https:\/\/traccsparti.eu\/wp-content\/uploads\/2026\/04\/KAP-logo-300&#215;141.png&#8221; title_text=&#8221;KAP log\u00f3&#8221; _builder_version=&#8221;4.27.6&#8243; _module_preset=&#8221;default&#8221; width=&#8221;17%&#8221; global_colors_info=&#8221;{}&#8221;][\/et_pb_image][et_pb_text _builder_version=&#8221;4.27.6&#8243; _module_preset=&#8221;default&#8221; global_colors_info=&#8221;{}&#8221;]<p>&nbsp;<\/p>\n<p>A kedvezm\u00e9nyezett neve Becse M\u0171vek Kft.<\/p>\n<p>A p\u00e1ly\u00e1zati felh\u00edv\u00e1s neve, k\u00f3dsz\u00e1ma: Feldolgoz\u00f3 \u00fczemek fejleszt\u00e9s\u00e9nek t\u00e1mogat\u00e1sa, KAP-RD04a-RD04b-2-24<\/p>\n<p>A projekt c\u00edme, azonos\u00edt\u00f3 sz\u00e1ma: Becse M\u0171vek Kft. \u00e9lelmiszer el\u0151\u00e1ll\u00edt\u00f3 tev\u00e9kenys\u00e9g\u00e9nek fejleszt\u00e9se, 3957272409<\/p>\n<p>A szerz\u0151d\u00f6tt t\u00e1mogat\u00e1s \u00f6sszege: 74 016 276 Ft<\/p>\n<p>A t\u00e1mogat\u00e1s m\u00e9rt\u00e9ke: 50%<\/p>\n<p>A projekt tartalm\u00e1nak r\u00f6vid bemutat\u00e1sa:<\/p>\n<p>A projekt keret\u00e9ben a Becse M\u0171vek Kft megl\u00e9v\u0151 \u00e9lelmiszeripari\u00fczeme ker\u00fcl fejleszt\u00e9sre eszk\u00f6zbeszerz\u00e9sek r\u00e9v\u00e9n. A projekt c\u00e9lja az ostyagy\u00e1rt\u00e1s \u00e9s a csipszgy\u00e1rt\u00e1s tev\u00e9kenys\u00e9gek fejleszt\u00e9se, az el\u0151\u00e1ll\u00edtott k\u00e9szterm\u00e9k volumen\u00e9nek n\u00f6vel\u00e9s\u00e9vel, az \u00faj eszk\u00f6z\u00f6k beszerz\u00e9se r\u00e9v\u00e9n magasabb min\u0151s\u00e9g\u0171 \u00e9s gazdas\u00e1gosabban el\u0151\u00e1ll\u00edtott k\u00e9szterm\u00e9k gy\u00e1rt\u00e1s\u00e1val. A projekt keret\u00e9ben beszerz\u00e9sre ker\u00fcl 8 db rizstall\u00e9r k\u00e9sz\u00edt\u0151 g\u00e9p, komplett g\u00e9psor adagol\u00f3val, \u00edzes\u00edt\u0151vel \u00e9s csipsz s\u00fct\u0151vel, valamint m\u00e9rleg \u00e1llv\u00e1nnyal. Beszerz\u00e9sre ker\u00fcl egy f\u00e9m\u00e9rz\u00e9kel\u0151 detektor, ami a k\u00e9szterm\u00e9k min\u0151s\u00e9g\u00e9nek jelent\u0151s javul\u00e1s\u00e1t eredm\u00e9nyezi. Fejleszt\u00e9sre ker\u00fcl az alapanyag \u00e9s k\u00e9szterm\u00e9k t\u00e1rol\u00f3 polcrendszer \u00e9s a csomagol\u00e1si technol\u00f3gia (dobozz\u00e1r\u00f3 \u00e9s c\u00edmk\u00e9z\u0151-dobozz\u00e1r\u00f3 g\u00e9p, raklap csomagol\u00f3 g\u00e9p beszerz\u00e9s\u00e9vel). Beszerz\u00e9sre ker\u00fcl tov\u00e1bb\u00e1 2 db ipari h\u0171t\u0151szekr\u00e9ny, \u00e9s egy N kateg\u00f3ri\u00e1s j\u00e1rm\u0171 a sz\u00e1ll\u00edt\u00e1si tev\u00e9kenys\u00e9g fejleszt\u00e9s\u00e9re. A projekt eredm\u00e9nyek\u00e9pp magasabb hozz\u00e1adott \u00e9rt\u00e9k\u0171, hazai gy\u00e1rt\u00e1s\u00fa k\u00e9szterm\u00e9k el\u0151\u00e1ll\u00edt\u00e1sa t\u00f6rt\u00e9nik. A projekt hozz\u00e1j\u00e1rul a Becse M\u0171vek Kft. versenyk\u00e9pess\u00e9g\u00e9nek n\u00f6vel\u00e9s\u00e9hez \u00e9s ezzel munkahelyek megtart\u00e1s\u00e1hoz.<\/p>\n<p>A projekt tervezett befejez\u00e9si d\u00e1tuma: 2027. m\u00e1jus<\/p>[\/et_pb_text][\/et_pb_column][\/et_pb_row][et_pb_row _builder_version=&#8221;4.27.6&#8243; _module_preset=&#8221;default&#8221; global_colors_info=&#8221;{}&#8221;][et_pb_column type=&#8221;4_4&#8243; _builder_version=&#8221;4.27.6&#8243; _module_preset=&#8221;default&#8221; global_colors_info=&#8221;{}&#8221;][et_pb_image src=&#8221;https:\/\/traccsparti.eu\/wp-content\/uploads\/2026\/04\/KAP_infoblokk-300&#215;150.png&#8221; title_text=&#8221;KAP_infoblokk&#8221; _builder_version=&#8221;4.27.6&#8243; _module_preset=&#8221;default&#8221; global_colors_info=&#8221;{}&#8221;][\/et_pb_image][\/et_pb_column][\/et_pb_row][\/et_pb_section]\n","protected":false},"excerpt":{"rendered":"<p>&nbsp; A kedvezm\u00e9nyezett neve Becse M\u0171vek Kft. A p\u00e1ly\u00e1zati felh\u00edv\u00e1s neve, k\u00f3dsz\u00e1ma: Feldolgoz\u00f3 \u00fczemek fejleszt\u00e9s\u00e9nek t\u00e1mogat\u00e1sa, KAP-RD04a-RD04b-2-24 A projekt c\u00edme, azonos\u00edt\u00f3 sz\u00e1ma: Becse M\u0171vek Kft. \u00e9lelmiszer el\u0151\u00e1ll\u00edt\u00f3 tev\u00e9kenys\u00e9g\u00e9nek fejleszt\u00e9se, 3957272409 A szerz\u0151d\u00f6tt t\u00e1mogat\u00e1s \u00f6sszege: 74 016 276 Ft A t\u00e1mogat\u00e1s m\u00e9rt\u00e9ke: 50% A projekt tartalm\u00e1nak r\u00f6vid bemutat\u00e1sa: A projekt keret\u00e9ben a Becse M\u0171vek Kft megl\u00e9v\u0151 [&hellip;]<\/p>\n","protected":false},"author":1,"featured_media":0,"parent":0,"menu_order":0,"comment_status":"closed","ping_status":"closed","template":"","meta":{"_et_pb_use_builder":"on","_et_pb_old_content":"","_et_gb_content_width":"","footnotes":""},"class_list":["post-3631","page","type-page","status-publish","hentry"],"_links":{"self":[{"href":"https:\/\/traccsparti.eu\/en\/wp-json\/wp\/v2\/pages\/3631","targetHints":{"allow":["GET"]}}],"collection":[{"href":"https:\/\/traccsparti.eu\/en\/wp-json\/wp\/v2\/pages"}],"about":[{"href":"https:\/\/traccsparti.eu\/en\/wp-json\/wp\/v2\/types\/page"}],"author":[{"embeddable":true,"href":"https:\/\/traccsparti.eu\/en\/wp-json\/wp\/v2\/users\/1"}],"replies":[{"embeddable":true,"href":"https:\/\/traccsparti.eu\/en\/wp-json\/wp\/v2\/comments?post=3631"}],"version-history":[{"count":9,"href":"https:\/\/traccsparti.eu\/en\/wp-json\/wp\/v2\/pages\/3631\/revisions"}],"predecessor-version":[{"id":3656,"href":"https:\/\/traccsparti.eu\/en\/wp-json\/wp\/v2\/pages\/3631\/revisions\/3656"}],"wp:attachment":[{"href":"https:\/\/traccsparti.eu\/en\/wp-json\/wp\/v2\/media?parent=3631"}],"curies":[{"name":"wp","href":"https:\/\/api.w.org\/{rel}","templated":true}]}}