{"id":2083,"date":"2019-11-09T18:13:29","date_gmt":"2019-11-09T17:13:29","guid":{"rendered":"https:\/\/traccsparti.eu\/?page_id=2083"},"modified":"2024-07-19T15:22:28","modified_gmt":"2024-07-19T13:22:28","slug":"palyazatok","status":"publish","type":"page","link":"https:\/\/traccsparti.eu\/hu_hu\/palyazatok\/","title":{"rendered":"P\u00e1ly\u00e1zatok"},"content":{"rendered":"\n[et_pb_section fb_built=&#8221;1&#8243; _builder_version=&#8221;4.16&#8243; global_colors_info=&#8221;{}&#8221;][et_pb_row _builder_version=&#8221;4.16&#8243; background_size=&#8221;initial&#8221; background_position=&#8221;top_left&#8221; background_repeat=&#8221;repeat&#8221; hover_enabled=&#8221;0&#8243; global_colors_info=&#8221;{}&#8221; sticky_enabled=&#8221;0&#8243;][et_pb_column type=&#8221;4_4&#8243; _builder_version=&#8221;4.16&#8243; custom_padding=&#8221;|||&#8221; global_colors_info=&#8221;{}&#8221; custom_padding__hover=&#8221;|||&#8221;][et_pb_text _builder_version=&#8221;4.27.0&#8243; background_size=&#8221;initial&#8221; background_position=&#8221;top_left&#8221; background_repeat=&#8221;repeat&#8221; hover_enabled=&#8221;0&#8243; global_colors_info=&#8221;{}&#8221; sticky_enabled=&#8221;0&#8243;]<p><span style=\"text-decoration: underline;\"><strong>P\u00e1ly\u00e1zatok:<\/strong><\/span><\/p>\n<p>&nbsp;<\/p>\n<p><!-- divi:paragraph -->Kedvezm\u00e9nyezett neve: Becse M\u0171vek Kft.<br \/>A projekt c\u00edme: Technol\u00f3giai innov\u00e1ci\u00f3t eredm\u00e9nyez\u0151 beruh\u00e1z\u00e1s a Becse M\u0171vek Kft.-n\u00e9l.<br \/>A szerz\u0151d\u00f6tt t\u00e1mogat\u00e1s \u00f6sszege:\u00a08 367 971\u00a0Ft.<br \/>A t\u00e1mogat\u00e1s m\u00e9rt\u00e9ke: 50%.<br \/>A projekt tartalm\u00e1nak bemutat\u00e1sa: 1db OPP65-A t\u00edpus\u00fa ostyas\u00fct\u0151 g\u00e9p beszerz\u00e9se, \u00fczembe helyez\u00e9se.<br \/>A projekt befejez\u00e9si d\u00e1tuma: 2019.10.31.<br \/>Projekt azonos\u00edt\u00f3 sz\u00e1ma:\u00a0GINOP-2.1.8-17-2018-02928.<\/p>\n<p><!-- \/divi:paragraph --><\/p>[\/et_pb_text][et_pb_text _builder_version=&#8221;4.27.0&#8243; background_size=&#8221;initial&#8221; background_position=&#8221;top_left&#8221; background_repeat=&#8221;repeat&#8221; hover_enabled=&#8221;0&#8243; global_colors_info=&#8221;{}&#8221; sticky_enabled=&#8221;0&#8243;]<p>&nbsp;<\/p>\n<p>Kedvezm\u00e9nyezett neve: Becse M\u0171vek Kft<br \/>P\u00e1ly\u00e1zati felh\u00edv\u00e1s neve, k\u00f3dsz\u00e1ma: \u00c9lelmiszeripari \u00fczemek komplex fejleszt\u00e9se, VP3-4.2.1-4.2.2-2-21<br \/>Projekt c\u00edme, azonos\u00edt\u00f3 sz\u00e1ma: A Becse M\u0171vek Kft. komplex fejleszt\u00e9se a b\u0151v\u00fcl\u00e9s jegy\u00e9ben, 3316393097<br \/>Szerz\u0151d\u00f6tt t\u00e1mogat\u00e1s \u00f6sszege: 258 558\u00a0163 Ft<br \/>T\u00e1mogat\u00e1s m\u00e9rt\u00e9ke: 50%<br \/>Projekt tartalm\u00e1nak r\u00f6vid bemutat\u00e1sa:<\/p>\n<p>A projekt keret\u00e9ben \u00e9lelmiszer feldolgoz\u00f3 ipari tev\u00e9kenys\u00e9g\u00fcnket fejlesztett\u00fck. \u00c9lelmiszer gy\u00e1rt\u00e1sunk k\u00e9t szak\u00e1gazati tev\u00e9kenys\u00e9gb\u0151l \u00e1ll: TE\u00c1OR 103108 szerint burgonyafeldolgoz\u00e1s, tart\u00f3s\u00edt\u00e1s \u00e9s a TE\u00c1OR 107208 tart\u00f3s\u00edtott lisztes \u00e1ru gy\u00e1rt\u00e1sa. Szak\u00e1gazati tev\u00e9kenys\u00e9geink fejleszt\u00e9s\u00e9nek a g\u00e1tj\u00e1t a termel\u00e9si \u00e9s rakt\u00e1roz\u00e1si helyhi\u00e1ny jelentette. Az alapanyagok \u00e9s csomagol\u00f3anyagok rakt\u00e1roz\u00e1sa \u00e9s a felhaszn\u00e1l\u00e1si helyre val\u00f3 k\u00f6r\u00fclm\u00e9nyes sz\u00e1ll\u00edt\u00e1sa termel\u00e9si neh\u00e9zs\u00e9get okozott. Gy\u00e1rt\u00e1si kapacit\u00e1sunk fejleszt\u00e9s\u00e9nek akad\u00e1lya volt, hogy a termel\u00e9si t\u00e9rben az \u00faj eszk\u00f6z\u00f6k nem f\u00e9rtek el. A p\u00e1ly\u00e1zat sor\u00e1n egy olyan \u00e9p\u00fcletet megval\u00f3s\u00edtottunk meg, ami a tervezett termel\u00e9si kapacit\u00e1s dupl\u00e1z\u00e1s eset\u00e9n is megfelel\u0151 m\u00e9ret\u0171 \u00e9s elrendez\u00e9s\u0171, annak \u00e9rdek\u00e9ben, hogy a gy\u00e1rt\u00e1si tev\u00e9kenys\u00e9get a rakt\u00e1r ki tudja szolg\u00e1lni \u00e9s megfelelj\u00fcnk minden el\u0151\u00edr\u00e1snak, nemzetk\u00f6zi szabv\u00e1nynak. A beruh\u00e1z\u00e1st egy 2017- \u00f3ta saj\u00e1t tulajdonunkban l\u00e9v\u0151, esztergomi ipari park ter\u00fclet\u00e9n elhelyezked\u0151 gazdas\u00e1gi \u00f6vezet besorol\u00e1s\u00fa telken val\u00f3s\u00edtottuk meg. Az \u00faj \u00e9p\u00fclet 13&#215;42 m\u00e9teres csarnok, \u00e9s egy hozz\u00e1 kapcsol\u00f3d\u00f3 szoci\u00e1lis \u00e9s irodai \u00e9p\u00fcletblokk. Az alapter\u00fclet k\u00e9t f\u0151 r\u00e9szre oszlik: gy\u00e1rt\u00e1s \u00e9s rakt\u00e1roz\u00e1s. A gy\u00e1rt\u00e1s k\u00e9t szinten kap helyet, als\u00f3 szinten a 1031-es TEAOR k\u00f3d al\u00e1 tartoz\u00f3 burgonya szirom gy\u00e1rt\u00e1s ker\u00fcl, fels\u0151 szinten pedig az 1072-es TEAOR k\u00f3dhoz tartoz\u00f3 ostya gy\u00e1rt\u00e1s. Az \u00e9p\u00edt\u00e9sen k\u00edv\u00fcl a fejleszt\u00e9shez kapcsol\u00f3d\u00f3 eszk\u00f6zbeszerz\u00e9s is megval\u00f3sult.<br \/>Projekt befejez\u00e9si d\u00e1tuma: 2024.01.10.<\/p>\n<p><!-- \/divi:paragraph --><\/p>[\/et_pb_text][\/et_pb_column][\/et_pb_row][\/et_pb_section]\n","protected":false},"excerpt":{"rendered":"<p>P\u00e1ly\u00e1zatok: &nbsp; Kedvezm\u00e9nyezett neve: Becse M\u0171vek Kft.A projekt c\u00edme: Technol\u00f3giai innov\u00e1ci\u00f3t eredm\u00e9nyez\u0151 beruh\u00e1z\u00e1s a Becse M\u0171vek Kft.-n\u00e9l.A szerz\u0151d\u00f6tt t\u00e1mogat\u00e1s \u00f6sszege:\u00a08 367 971\u00a0Ft.A t\u00e1mogat\u00e1s m\u00e9rt\u00e9ke: 50%.A projekt tartalm\u00e1nak bemutat\u00e1sa: 1db OPP65-A t\u00edpus\u00fa ostyas\u00fct\u0151 g\u00e9p beszerz\u00e9se, \u00fczembe helyez\u00e9se.A projekt befejez\u00e9si d\u00e1tuma: 2019.10.31.Projekt azonos\u00edt\u00f3 sz\u00e1ma:\u00a0GINOP-2.1.8-17-2018-02928. &nbsp; Kedvezm\u00e9nyezett neve: Becse M\u0171vek KftP\u00e1ly\u00e1zati felh\u00edv\u00e1s neve, k\u00f3dsz\u00e1ma: \u00c9lelmiszeripari \u00fczemek komplex fejleszt\u00e9se, [&hellip;]<\/p>\n","protected":false},"author":1,"featured_media":0,"parent":0,"menu_order":0,"comment_status":"closed","ping_status":"closed","template":"","meta":{"_et_pb_use_builder":"on","_et_pb_old_content":"<!-- wp:paragraph -->\n<p><strong>Kedvezm\u00e9nyezett neve:<\/strong> Becse M\u0171vek Kft.<br><strong>A projekt c\u00edme:<\/strong> Technol\u00f3giai innov\u00e1ci\u00f3t eredm\u00e9nyez\u0151 beruh\u00e1z\u00e1s a Becse M\u0171vek Kft.-n\u00e9l.<br><strong>A szerz\u0151d\u00f6tt t\u00e1mogat\u00e1s \u00f6sszege:<\/strong>&nbsp;8 367 971&nbsp;Ft.<br><strong>A t\u00e1mogat\u00e1s m\u00e9rt\u00e9ke:<\/strong> 50%.<br><strong>A projekt tartalm\u00e1nak bemutat\u00e1sa:<\/strong> 1db OPP65-A t\u00edpus\u00fa ostyas\u00fct\u0151 g\u00e9p beszerz\u00e9se, \u00fczembe helyez\u00e9se.<br><strong>A projekt befejez\u00e9si d\u00e1tuma:<\/strong> 2019.10.31.<br><strong>Projekt azonos\u00edt\u00f3 sz\u00e1ma:<\/strong>&nbsp;GINOP-2.1.8-17-2018-02928.<\/p>\n<!-- \/wp:paragraph -->","_et_gb_content_width":"","footnotes":""},"class_list":["post-2083","page","type-page","status-publish","hentry"],"_links":{"self":[{"href":"https:\/\/traccsparti.eu\/hu_hu\/wp-json\/wp\/v2\/pages\/2083","targetHints":{"allow":["GET"]}}],"collection":[{"href":"https:\/\/traccsparti.eu\/hu_hu\/wp-json\/wp\/v2\/pages"}],"about":[{"href":"https:\/\/traccsparti.eu\/hu_hu\/wp-json\/wp\/v2\/types\/page"}],"author":[{"embeddable":true,"href":"https:\/\/traccsparti.eu\/hu_hu\/wp-json\/wp\/v2\/users\/1"}],"replies":[{"embeddable":true,"href":"https:\/\/traccsparti.eu\/hu_hu\/wp-json\/wp\/v2\/comments?post=2083"}],"version-history":[{"count":7,"href":"https:\/\/traccsparti.eu\/hu_hu\/wp-json\/wp\/v2\/pages\/2083\/revisions"}],"predecessor-version":[{"id":3534,"href":"https:\/\/traccsparti.eu\/hu_hu\/wp-json\/wp\/v2\/pages\/2083\/revisions\/3534"}],"wp:attachment":[{"href":"https:\/\/traccsparti.eu\/hu_hu\/wp-json\/wp\/v2\/media?parent=2083"}],"curies":[{"name":"wp","href":"https:\/\/api.w.org\/{rel}","templated":true}]}}